{"id":2596,"date":"2019-11-15T20:18:42","date_gmt":"2019-11-15T19:18:42","guid":{"rendered":"https:\/\/themerain.com\/demo\/scene\/?page_id=56"},"modified":"2025-03-06T14:59:03","modified_gmt":"2025-03-06T13:59:03","slug":"a-propos","status":"publish","type":"page","link":"https:\/\/baptistelegoff.com\/index.php\/a-propos\/","title":{"rendered":"\u00c0 propos"},"content":{"rendered":"\n<h3 class=\"wp-block-heading alignwide\">Expertises<\/h3>\n\n\n\n<div style=\"height:50px\" aria-hidden=\"true\" class=\"wp-block-spacer\"><\/div>\n\n\n\n<div class=\"wp-block-columns is-layout-flex wp-container-core-columns-is-layout-1 wp-block-columns-is-layout-flex\">\n<div class=\"wp-block-column is-layout-flow wp-block-column-is-layout-flow\">\n<h6 class=\"wp-block-heading\">Direction Artistique<br><br>Logos<br>Naming<br>Identit\u00e9s visuelles<br>Retouches Photo<br>Midjourney<\/h6>\n<\/div>\n\n\n\n<div class=\"wp-block-column is-layout-flow wp-block-column-is-layout-flow\">\n<h6 class=\"wp-block-heading\"><strong>Web<\/strong><br><br>Web design<br>Newsletters<br>Infographies<br>Animations \/ Montages<br>Contenus r\u00e9seaux sociaux<\/h6>\n<\/div>\n\n\n\n<div class=\"wp-block-column is-layout-flow wp-block-column-is-layout-flow\">\n<h6 class=\"wp-block-heading\"><strong>Print<\/strong><br><br>Packagings<br>Cartes de visite<br>Affiches \/ Brochures<br>Mises en page \/ \u00c9ditions<\/h6>\n<\/div>\n<\/div>\n\n\n\n<div style=\"height:50px\" aria-hidden=\"true\" class=\"wp-block-spacer\"><\/div>\n\n\n\n<h3 class=\"wp-block-heading alignwide\">Ils m&rsquo;ont fait confiance<\/h3>\n\n\n\n<div style=\"height:50px\" aria-hidden=\"true\" class=\"wp-block-spacer\"><\/div>\n\n\n\n<figure class=\"wp-block-gallery aligncenter has-nested-images columns-default is-cropped wp-block-gallery-1 is-layout-flex wp-block-gallery-is-layout-flex\">\n<figure class=\"wp-block-image size-large\"><img loading=\"lazy\" decoding=\"async\" width=\"1024\" height=\"608\" data-id=\"2902\" src=\"http:\/\/baptistelegoff.com\/wp-content\/uploads\/2023\/09\/VEEPEE-1024x608.png\" alt=\"\" class=\"wp-image-2902\" srcset=\"https:\/\/baptistelegoff.com\/wp-content\/uploads\/2023\/09\/VEEPEE-1024x608.png 1024w, https:\/\/baptistelegoff.com\/wp-content\/uploads\/2023\/09\/VEEPEE-300x178.png 300w, https:\/\/baptistelegoff.com\/wp-content\/uploads\/2023\/09\/VEEPEE-768x456.png 768w, https:\/\/baptistelegoff.com\/wp-content\/uploads\/2023\/09\/VEEPEE-1536x913.png 1536w, https:\/\/baptistelegoff.com\/wp-content\/uploads\/2023\/09\/VEEPEE.png 1900w\" sizes=\"(max-width: 1024px) 100vw, 1024px\" \/><\/figure>\n\n\n\n<figure class=\"wp-block-image size-large\"><img loading=\"lazy\" decoding=\"async\" width=\"1024\" height=\"608\" data-id=\"2901\" src=\"http:\/\/baptistelegoff.com\/wp-content\/uploads\/2023\/09\/SCHOTT-1024x608.png\" alt=\"\" class=\"wp-image-2901\" srcset=\"https:\/\/baptistelegoff.com\/wp-content\/uploads\/2023\/09\/SCHOTT-1024x608.png 1024w, https:\/\/baptistelegoff.com\/wp-content\/uploads\/2023\/09\/SCHOTT-300x178.png 300w, https:\/\/baptistelegoff.com\/wp-content\/uploads\/2023\/09\/SCHOTT-768x456.png 768w, https:\/\/baptistelegoff.com\/wp-content\/uploads\/2023\/09\/SCHOTT-1536x913.png 1536w, https:\/\/baptistelegoff.com\/wp-content\/uploads\/2023\/09\/SCHOTT.png 1900w\" sizes=\"(max-width: 1024px) 100vw, 1024px\" \/><\/figure>\n\n\n\n<figure class=\"wp-block-image size-large\"><img loading=\"lazy\" decoding=\"async\" width=\"1024\" height=\"608\" data-id=\"2899\" src=\"http:\/\/baptistelegoff.com\/wp-content\/uploads\/2023\/09\/RENAULT-1024x608.png\" alt=\"\" class=\"wp-image-2899\" srcset=\"https:\/\/baptistelegoff.com\/wp-content\/uploads\/2023\/09\/RENAULT-1024x608.png 1024w, https:\/\/baptistelegoff.com\/wp-content\/uploads\/2023\/09\/RENAULT-300x178.png 300w, https:\/\/baptistelegoff.com\/wp-content\/uploads\/2023\/09\/RENAULT-768x456.png 768w, https:\/\/baptistelegoff.com\/wp-content\/uploads\/2023\/09\/RENAULT-1536x913.png 1536w, https:\/\/baptistelegoff.com\/wp-content\/uploads\/2023\/09\/RENAULT.png 1900w\" sizes=\"(max-width: 1024px) 100vw, 1024px\" \/><\/figure>\n<\/figure>\n\n\n\n<figure class=\"wp-block-gallery aligncenter has-nested-images columns-default is-cropped wp-block-gallery-2 is-layout-flex wp-block-gallery-is-layout-flex\">\n<figure class=\"wp-block-image size-large\"><img loading=\"lazy\" decoding=\"async\" width=\"1024\" height=\"608\" data-id=\"2905\" src=\"http:\/\/baptistelegoff.com\/wp-content\/uploads\/2023\/09\/CARTIER-1024x608.png\" alt=\"\" class=\"wp-image-2905\" srcset=\"https:\/\/baptistelegoff.com\/wp-content\/uploads\/2023\/09\/CARTIER-1024x608.png 1024w, https:\/\/baptistelegoff.com\/wp-content\/uploads\/2023\/09\/CARTIER-300x178.png 300w, https:\/\/baptistelegoff.com\/wp-content\/uploads\/2023\/09\/CARTIER-768x456.png 768w, https:\/\/baptistelegoff.com\/wp-content\/uploads\/2023\/09\/CARTIER-1536x913.png 1536w, https:\/\/baptistelegoff.com\/wp-content\/uploads\/2023\/09\/CARTIER.png 1900w\" sizes=\"(max-width: 1024px) 100vw, 1024px\" \/><\/figure>\n\n\n\n<figure class=\"wp-block-image size-large\"><img loading=\"lazy\" decoding=\"async\" width=\"1024\" height=\"608\" data-id=\"2903\" src=\"http:\/\/baptistelegoff.com\/wp-content\/uploads\/2023\/09\/ELLE-1024x608.png\" alt=\"\" class=\"wp-image-2903\" srcset=\"https:\/\/baptistelegoff.com\/wp-content\/uploads\/2023\/09\/ELLE-1024x608.png 1024w, https:\/\/baptistelegoff.com\/wp-content\/uploads\/2023\/09\/ELLE-300x178.png 300w, https:\/\/baptistelegoff.com\/wp-content\/uploads\/2023\/09\/ELLE-768x456.png 768w, https:\/\/baptistelegoff.com\/wp-content\/uploads\/2023\/09\/ELLE-1536x913.png 1536w, https:\/\/baptistelegoff.com\/wp-content\/uploads\/2023\/09\/ELLE.png 1900w\" sizes=\"(max-width: 1024px) 100vw, 1024px\" \/><\/figure>\n\n\n\n<figure class=\"wp-block-image size-large\"><img loading=\"lazy\" decoding=\"async\" width=\"1024\" height=\"608\" data-id=\"2904\" src=\"http:\/\/baptistelegoff.com\/wp-content\/uploads\/2023\/09\/GIVENCHY-1024x608.png\" alt=\"\" class=\"wp-image-2904\" srcset=\"https:\/\/baptistelegoff.com\/wp-content\/uploads\/2023\/09\/GIVENCHY-1024x608.png 1024w, https:\/\/baptistelegoff.com\/wp-content\/uploads\/2023\/09\/GIVENCHY-300x178.png 300w, https:\/\/baptistelegoff.com\/wp-content\/uploads\/2023\/09\/GIVENCHY-768x456.png 768w, https:\/\/baptistelegoff.com\/wp-content\/uploads\/2023\/09\/GIVENCHY-1536x913.png 1536w, https:\/\/baptistelegoff.com\/wp-content\/uploads\/2023\/09\/GIVENCHY.png 1900w\" sizes=\"(max-width: 1024px) 100vw, 1024px\" \/><\/figure>\n<\/figure>\n\n\n\n<figure class=\"wp-block-gallery aligncenter has-nested-images columns-default is-cropped wp-block-gallery-3 is-layout-flex wp-block-gallery-is-layout-flex\">\n<figure class=\"wp-block-image size-large\"><img loading=\"lazy\" decoding=\"async\" width=\"1024\" height=\"608\" data-id=\"3098\" src=\"http:\/\/baptistelegoff.com\/wp-content\/uploads\/2024\/07\/ADOT-1024x608.png\" alt=\"\" class=\"wp-image-3098\" srcset=\"https:\/\/baptistelegoff.com\/wp-content\/uploads\/2024\/07\/ADOT-1024x608.png 1024w, https:\/\/baptistelegoff.com\/wp-content\/uploads\/2024\/07\/ADOT-300x178.png 300w, https:\/\/baptistelegoff.com\/wp-content\/uploads\/2024\/07\/ADOT-768x456.png 768w, https:\/\/baptistelegoff.com\/wp-content\/uploads\/2024\/07\/ADOT-1536x913.png 1536w, https:\/\/baptistelegoff.com\/wp-content\/uploads\/2024\/07\/ADOT.png 1900w\" sizes=\"(max-width: 1024px) 100vw, 1024px\" \/><\/figure>\n\n\n\n<figure class=\"wp-block-image size-large\"><img loading=\"lazy\" decoding=\"async\" width=\"1024\" height=\"608\" data-id=\"3099\" src=\"http:\/\/baptistelegoff.com\/wp-content\/uploads\/2024\/07\/RUDYS-1024x608.png\" alt=\"\" class=\"wp-image-3099\" srcset=\"https:\/\/baptistelegoff.com\/wp-content\/uploads\/2024\/07\/RUDYS-1024x608.png 1024w, https:\/\/baptistelegoff.com\/wp-content\/uploads\/2024\/07\/RUDYS-300x178.png 300w, https:\/\/baptistelegoff.com\/wp-content\/uploads\/2024\/07\/RUDYS-768x456.png 768w, https:\/\/baptistelegoff.com\/wp-content\/uploads\/2024\/07\/RUDYS-1536x913.png 1536w, https:\/\/baptistelegoff.com\/wp-content\/uploads\/2024\/07\/RUDYS.png 1900w\" sizes=\"(max-width: 1024px) 100vw, 1024px\" \/><\/figure>\n\n\n\n<figure class=\"wp-block-image size-large\"><img loading=\"lazy\" decoding=\"async\" width=\"1024\" height=\"608\" data-id=\"3100\" src=\"https:\/\/baptistelegoff.com\/wp-content\/uploads\/2024\/07\/MAZDA-1024x608.png\" alt=\"\" class=\"wp-image-3100\" srcset=\"https:\/\/baptistelegoff.com\/wp-content\/uploads\/2024\/07\/MAZDA-1024x608.png 1024w, https:\/\/baptistelegoff.com\/wp-content\/uploads\/2024\/07\/MAZDA-300x178.png 300w, https:\/\/baptistelegoff.com\/wp-content\/uploads\/2024\/07\/MAZDA-768x456.png 768w, https:\/\/baptistelegoff.com\/wp-content\/uploads\/2024\/07\/MAZDA-1536x913.png 1536w, https:\/\/baptistelegoff.com\/wp-content\/uploads\/2024\/07\/MAZDA.png 1900w\" sizes=\"(max-width: 1024px) 100vw, 1024px\" \/><\/figure>\n<\/figure>\n\n\n\n<div style=\"height:50px\" aria-hidden=\"true\" class=\"wp-block-spacer\"><\/div>\n\n\n\n<h3 class=\"wp-block-heading alignwide\">Travaillons ensemble<\/h3>\n\n\n\n<div style=\"height:50px\" aria-hidden=\"true\" class=\"wp-block-spacer\"><\/div>\n\n\n\n<h3 class=\"wp-block-heading has-text-align-center\">N\u2019h\u00e9sitez pas \u00e0 me contacter pour que nous puissions collaborer et rendre concr\u00e8tes vos ambitions.<br><a href=\"#\">baptistelegoff0@gmail.com<\/a><\/h3>\n\n\n\n<div style=\"height:50px\" aria-hidden=\"true\" class=\"wp-block-spacer\"><\/div>\n","protected":false},"excerpt":{"rendered":"<p>Expertises Direction Artistique LogosNamingIdentit\u00e9s visuellesRetouches PhotoMidjourney Web Web designNewslettersInfographiesAnimations \/ MontagesContenus r\u00e9seaux sociaux Print PackagingsCartes&hellip;<\/p>\n","protected":false},"author":1,"featured_media":0,"parent":0,"menu_order":0,"comment_status":"closed","ping_status":"closed","template":"","meta":{"footnotes":""},"_links":{"self":[{"href":"https:\/\/baptistelegoff.com\/index.php\/wp-json\/wp\/v2\/pages\/2596"}],"collection":[{"href":"https:\/\/baptistelegoff.com\/index.php\/wp-json\/wp\/v2\/pages"}],"about":[{"href":"https:\/\/baptistelegoff.com\/index.php\/wp-json\/wp\/v2\/types\/page"}],"author":[{"embeddable":true,"href":"https:\/\/baptistelegoff.com\/index.php\/wp-json\/wp\/v2\/users\/1"}],"replies":[{"embeddable":true,"href":"https:\/\/baptistelegoff.com\/index.php\/wp-json\/wp\/v2\/comments?post=2596"}],"version-history":[{"count":28,"href":"https:\/\/baptistelegoff.com\/index.php\/wp-json\/wp\/v2\/pages\/2596\/revisions"}],"predecessor-version":[{"id":3173,"href":"https:\/\/baptistelegoff.com\/index.php\/wp-json\/wp\/v2\/pages\/2596\/revisions\/3173"}],"wp:attachment":[{"href":"https:\/\/baptistelegoff.com\/index.php\/wp-json\/wp\/v2\/media?parent=2596"}],"curies":[{"name":"wp","href":"https:\/\/api.w.org\/{rel}","templated":true}]}}